{"id":310,"date":"2020-01-23T18:21:52","date_gmt":"2020-01-23T18:21:52","guid":{"rendered":"https:\/\/demosites.io\/web-agency-gb\/?page_id=61"},"modified":"2023-04-25T12:05:01","modified_gmt":"2023-04-25T11:05:01","slug":"sobre_nosotros","status":"publish","type":"page","link":"https:\/\/www.atomie.es\/en\/sobre_nosotros\/","title":{"rendered":"About us"},"content":{"rendered":"<div class=\"wp-block-cover alignfull\" style=\"min-height:600px;aspect-ratio:unset;\"><span aria-hidden=\"true\" class=\"wp-block-cover__background has-nv-light-bg-background-color has-background-dim-100 has-background-dim\"><\/span><div class=\"wp-block-cover__inner-container is-layout-flow wp-block-cover-is-layout-flow\">\n<div class=\"wp-block-group\"><div class=\"wp-block-group__inner-container is-layout-flow wp-block-group-is-layout-flow\">\n<div style=\"height:80px\" aria-hidden=\"true\" class=\"wp-block-spacer\"><\/div>\n\n\n\n<div class=\"wp-block-columns are-vertically-aligned-center has-neve-text-color-color has-text-color is-layout-flex wp-container-core-columns-is-layout-9d6595d7 wp-block-columns-is-layout-flex\">\n<div class=\"wp-block-column is-vertically-aligned-center is-layout-flow wp-block-column-is-layout-flow\" style=\"flex-basis:50%\">\n<figure class=\"wp-block-image size-large\"><img data-opt-id=1078997529  fetchpriority=\"high\" decoding=\"async\" width=\"1024\" height=\"669\" src=\"https:\/\/mlrtaqvqpyw7.i.optimole.com\/w:1024\/h:669\/q:mauto\/f:best\/https:\/\/www.atomie.es\/wp-content\/uploads\/2023\/03\/atmjp.jpg\" alt=\"\" class=\"wp-image-547\" srcset=\"https:\/\/mlrtaqvqpyw7.i.optimole.com\/w:1024\/h:669\/q:mauto\/f:best\/https:\/\/www.atomie.es\/wp-content\/uploads\/2023\/03\/atmjp.jpg 1024w, https:\/\/mlrtaqvqpyw7.i.optimole.com\/w:18\/h:12\/q:mauto\/f:best\/dpr:2\/https:\/\/www.atomie.es\/wp-content\/uploads\/2023\/03\/atmjp.jpg 18w, https:\/\/mlrtaqvqpyw7.i.optimole.com\/w:300\/h:196\/q:mauto\/f:best\/https:\/\/www.atomie.es\/wp-content\/uploads\/2023\/03\/atmjp.jpg 300w, https:\/\/mlrtaqvqpyw7.i.optimole.com\/w:768\/h:502\/q:mauto\/f:best\/https:\/\/www.atomie.es\/wp-content\/uploads\/2023\/03\/atmjp.jpg 768w, https:\/\/mlrtaqvqpyw7.i.optimole.com\/w:1160\/h:758\/q:mauto\/f:best\/https:\/\/www.atomie.es\/wp-content\/uploads\/2023\/03\/atmjp.jpg 1160w\" sizes=\"(max-width: 1024px) 100vw, 1024px\" \/><\/figure>\n<\/div>\n\n\n\n<div class=\"wp-block-column is-vertically-aligned-center is-layout-flow wp-block-column-is-layout-flow\" style=\"flex-basis:50%\">\n<h2 class=\"wp-block-heading has-neve-text-color-color has-text-color\">ATOM<\/h2>\n\n\n\n<p>ATOM Internacional Europe se fund\u00f3 en el a\u00f1o 2022 por una empresa de empresa japonesa <a href=\"http:\/\/www.e-atm.co.jp\/en\/\">ATOM Co., Ltd.<\/a> dedicada a la venta de carne en todas partes de Jap\u00f3n durante m\u00e1s de 50 a\u00f1os.<\/p>\n\n\n\n<p>ATOM Internacional Europe nos dedicamos de importaci\u00f3n y exportaci\u00f3n de productos entre Espa\u00f1a y Jap\u00f3n.<\/p>\n\n\n\n<p><\/p>\n<\/div>\n<\/div>\n\n\n\n<div style=\"height:40px\" aria-hidden=\"true\" class=\"wp-block-spacer\"><\/div>\n<\/div><\/div>\n<\/div><\/div>\n\n\n\n<div class=\"wp-block-cover alignfull\" style=\"min-height:600px;aspect-ratio:unset;\"><span aria-hidden=\"true\" class=\"wp-block-cover__background has-nv-dark-bg-background-color has-background-dim-100 has-background-dim\"><\/span><div class=\"wp-block-cover__inner-container is-layout-flow wp-block-cover-is-layout-flow\">\n<div class=\"wp-block-group\"><div class=\"wp-block-group__inner-container is-layout-flow wp-block-group-is-layout-flow\">\n<div style=\"height:80px\" aria-hidden=\"true\" class=\"wp-block-spacer\"><\/div>\n\n\n\n<div class=\"wp-block-columns are-vertically-aligned-center is-layout-flex wp-container-core-columns-is-layout-9d6595d7 wp-block-columns-is-layout-flex\">\n<div class=\"wp-block-column is-vertically-aligned-center is-layout-flow wp-block-column-is-layout-flow\" style=\"flex-basis:50%\">\n<p>Importamos sobre todo carne de MIYAZAKI-GYU, aunque tambi\u00e9n importamos carne de Wagyu de otras prefecuturas.<\/p>\n\n\n\n<p>MIYAZAKI-GYU es carne de Wagyu que ha conseguido la estricta normativa de prefecutura Miyazaki.<\/p>\n\n\n\n<p>Exportamos a Jap\u00f3n carne, aceite de oliva, jam\u00f3n, etc&#8230;<\/p>\n\n\n\n<p><\/p>\n<\/div>\n\n\n\n<div class=\"wp-block-column is-vertically-aligned-center is-layout-flow wp-block-column-is-layout-flow\" style=\"flex-basis:50%\">\n<figure class=\"wp-block-image size-large\"><img data-opt-id=348163739  fetchpriority=\"high\" decoding=\"async\" width=\"1024\" height=\"577\" src=\"https:\/\/mlrtaqvqpyw7.i.optimole.com\/w:1024\/h:577\/q:mauto\/f:best\/https:\/\/www.atomie.es\/wp-content\/uploads\/2022\/12\/aeSinERi©.jpg\" alt=\"\" class=\"wp-image-393\" srcset=\"https:\/\/mlrtaqvqpyw7.i.optimole.com\/w:1024\/h:577\/q:mauto\/f:best\/https:\/\/www.atomie.es\/wp-content\/uploads\/2022\/12\/aeSinERi\u00a9-scaled.jpg 1024w, https:\/\/mlrtaqvqpyw7.i.optimole.com\/w:1536\/h:865\/q:mauto\/f:best\/https:\/\/www.atomie.es\/wp-content\/uploads\/2022\/12\/aeSinERi\u00a9-scaled.jpg 1536w, https:\/\/mlrtaqvqpyw7.i.optimole.com\/w:1916\/h:1080\/q:mauto\/f:best\/https:\/\/www.atomie.es\/wp-content\/uploads\/2022\/12\/aeSinERi\u00a9-scaled.jpg 2048w, https:\/\/mlrtaqvqpyw7.i.optimole.com\/w:300\/h:169\/q:mauto\/f:best\/https:\/\/www.atomie.es\/wp-content\/uploads\/2022\/12\/aeSinERi\u00a9-scaled.jpg 300w, https:\/\/mlrtaqvqpyw7.i.optimole.com\/w:768\/h:433\/q:mauto\/f:best\/https:\/\/www.atomie.es\/wp-content\/uploads\/2022\/12\/aeSinERi\u00a9-scaled.jpg 768w\" sizes=\"(max-width: 1024px) 100vw, 1024px\" \/><\/figure>\n<\/div>\n<\/div>\n\n\n\n<div style=\"height:40px\" aria-hidden=\"true\" class=\"wp-block-spacer\"><\/div>\n<\/div><\/div>\n<\/div><\/div>\n\n\n\n<div class=\"wp-block-cover alignfull\" style=\"min-height:600px;aspect-ratio:unset;\"><span aria-hidden=\"true\" class=\"wp-block-cover__background has-nv-light-bg-background-color has-background-dim-100 has-background-dim\"><\/span><div class=\"wp-block-cover__inner-container is-layout-flow wp-block-cover-is-layout-flow\">\n<div class=\"wp-block-group\"><div class=\"wp-block-group__inner-container is-layout-flow wp-block-group-is-layout-flow\">\n<div style=\"height:80px\" aria-hidden=\"true\" class=\"wp-block-spacer\"><\/div>\n\n\n\n<div class=\"wp-block-columns are-vertically-aligned-center has-neve-text-color-color has-text-color is-layout-flex wp-container-core-columns-is-layout-9d6595d7 wp-block-columns-is-layout-flex\">\n<div class=\"wp-block-column is-vertically-aligned-center is-layout-flow wp-block-column-is-layout-flow\" style=\"flex-basis:50%\">\n<figure class=\"wp-block-image size-large\"><img data-opt-id=97751461  fetchpriority=\"high\" decoding=\"async\" width=\"1024\" height=\"669\" src=\"https:\/\/mlrtaqvqpyw7.i.optimole.com\/w:1024\/h:669\/q:mauto\/f:best\/https:\/\/www.atomie.es\/wp-content\/uploads\/2023\/03\/mapa1.jpg\" alt=\"\" class=\"wp-image-546\" srcset=\"https:\/\/mlrtaqvqpyw7.i.optimole.com\/w:1024\/h:669\/q:mauto\/f:best\/https:\/\/www.atomie.es\/wp-content\/uploads\/2023\/03\/mapa1.jpg 1024w, https:\/\/mlrtaqvqpyw7.i.optimole.com\/w:18\/h:12\/q:mauto\/f:best\/dpr:2\/https:\/\/www.atomie.es\/wp-content\/uploads\/2023\/03\/mapa1.jpg 18w, https:\/\/mlrtaqvqpyw7.i.optimole.com\/w:300\/h:196\/q:mauto\/f:best\/https:\/\/www.atomie.es\/wp-content\/uploads\/2023\/03\/mapa1.jpg 300w, https:\/\/mlrtaqvqpyw7.i.optimole.com\/w:768\/h:502\/q:mauto\/f:best\/https:\/\/www.atomie.es\/wp-content\/uploads\/2023\/03\/mapa1.jpg 768w, https:\/\/mlrtaqvqpyw7.i.optimole.com\/w:1160\/h:758\/q:mauto\/f:best\/https:\/\/www.atomie.es\/wp-content\/uploads\/2023\/03\/mapa1.jpg 1160w\" sizes=\"(max-width: 1024px) 100vw, 1024px\" \/><\/figure>\n<\/div>\n\n\n\n<div class=\"wp-block-column is-vertically-aligned-center is-layout-flow wp-block-column-is-layout-flow\" style=\"flex-basis:50%\">\n<p>Nuestra intenci\u00f3n de negocio es expandir el conocimiento de los productos de alt\u00edsima calidad a ambos pa\u00edses y nos encantar\u00eda ser su puente a ambos pa\u00edses.<\/p>\n<\/div>\n<\/div>\n\n\n\n<div style=\"height:40px\" aria-hidden=\"true\" class=\"wp-block-spacer\"><\/div>\n<\/div><\/div>\n<\/div><\/div>\n\n\n\n<div class=\"wp-block-cover alignfull\" style=\"min-height:600px;aspect-ratio:unset;\"><span aria-hidden=\"true\" class=\"wp-block-cover__background has-nv-dark-bg-background-color has-background-dim-100 has-background-dim\"><\/span><div class=\"wp-block-cover__inner-container is-layout-flow wp-block-cover-is-layout-flow\">\n<div class=\"wp-block-group\"><div class=\"wp-block-group__inner-container is-layout-flow wp-block-group-is-layout-flow\">\n<div style=\"height:80px\" aria-hidden=\"true\" class=\"wp-block-spacer\"><\/div>\n\n\n\n<div class=\"wp-block-columns is-layout-flex wp-container-core-columns-is-layout-9d6595d7 wp-block-columns-is-layout-flex\">\n<div class=\"wp-block-column is-layout-flow wp-block-column-is-layout-flow\" style=\"flex-basis:100%\">\n<figure class=\"wp-block-embed is-type-video is-provider-youtube wp-block-embed-youtube wp-embed-aspect-16-9 wp-has-aspect-ratio\"><div class=\"wp-block-embed__wrapper\">\n<div class=\"nv-iframe-embed\"><iframe title=\"WAGYU MIYAZAKI\" width=\"1200\" height=\"675\" src=\"https:\/\/www.youtube.com\/embed\/sfAh6IjPKDI?feature=oembed\" frameborder=\"0\" allow=\"accelerometer; autoplay; clipboard-write; encrypted-media; gyroscope; picture-in-picture; web-share\" allowfullscreen><\/iframe><\/div>\n<\/div><\/figure>\n<\/div>\n<\/div>\n\n\n\n<div style=\"height:40px\" aria-hidden=\"true\" class=\"wp-block-spacer\"><\/div>\n<\/div><\/div>\n<\/div><\/div>","protected":false},"excerpt":{"rendered":"","protected":false},"author":1,"featured_media":0,"parent":0,"menu_order":0,"comment_status":"closed","ping_status":"closed","template":"","meta":{"_monsterinsights_skip_tracking":false,"_monsterinsights_sitenote_active":false,"_monsterinsights_sitenote_note":"","_monsterinsights_sitenote_category":0,"neve_meta_sidebar":"default","neve_meta_container":"default","neve_meta_enable_content_width":"on","neve_meta_content_width":100,"neve_meta_title_alignment":"","neve_meta_author_avatar":"","neve_post_elements_order":"","neve_meta_disable_header":"","neve_meta_disable_footer":"","neve_meta_disable_title":"off","_themeisle_gutenberg_block_has_review":false,"footnotes":""},"class_list":["post-310","page","type-page","status-publish","hentry"],"_links":{"self":[{"href":"https:\/\/www.atomie.es\/en\/wp-json\/wp\/v2\/pages\/310","targetHints":{"allow":["GET"]}}],"collection":[{"href":"https:\/\/www.atomie.es\/en\/wp-json\/wp\/v2\/pages"}],"about":[{"href":"https:\/\/www.atomie.es\/en\/wp-json\/wp\/v2\/types\/page"}],"author":[{"embeddable":true,"href":"https:\/\/www.atomie.es\/en\/wp-json\/wp\/v2\/users\/1"}],"replies":[{"embeddable":true,"href":"https:\/\/www.atomie.es\/en\/wp-json\/wp\/v2\/comments?post=310"}],"version-history":[{"count":14,"href":"https:\/\/www.atomie.es\/en\/wp-json\/wp\/v2\/pages\/310\/revisions"}],"predecessor-version":[{"id":578,"href":"https:\/\/www.atomie.es\/en\/wp-json\/wp\/v2\/pages\/310\/revisions\/578"}],"wp:attachment":[{"href":"https:\/\/www.atomie.es\/en\/wp-json\/wp\/v2\/media?parent=310"}],"curies":[{"name":"wp","href":"https:\/\/api.w.org\/{rel}","templated":true}]}}