{"id":307,"date":"2020-01-13T11:17:52","date_gmt":"2020-01-13T11:17:52","guid":{"rendered":"https:\/\/demosites.io\/web-agency-gb\/?page_id=5"},"modified":"2023-03-30T21:31:04","modified_gmt":"2023-03-30T20:31:04","slug":"15c42-web-agency-gb-home","status":"publish","type":"page","link":"https:\/\/www.atomie.es\/en\/","title":{"rendered":"Home"},"content":{"rendered":"\n<div class=\"wp-block-cover alignfull is-light has-parallax\" style=\"min-height:700px;aspect-ratio:unset;\"><span aria-hidden=\"true\" class=\"wp-block-cover__background has-background-dim-0 has-background-dim\"><\/span><div role=\"img\" class=\"wp-block-cover__image-background wp-image-343 has-parallax\" style=\"background-position:50% 50%;background-image:url(https:\/\/mlrtaqvqpyw7.i.optimole.com\/w:auto\/h:auto\/q:mauto\/f:best\/https:\/\/www.atomie.es\/wp-content\/uploads\/2022\/12\/1-12-scaled.jpg)\"><\/div><div class=\"wp-block-cover__inner-container is-layout-flow wp-block-cover-is-layout-flow\">\n<div style=\"height:80px\" aria-hidden=\"true\" class=\"wp-block-spacer\"><\/div>\n\n\n<div class=\"wp-block-image\">\n<figure class=\"aligncenter size-full\"><img data-opt-id=1651399426  fetchpriority=\"high\" decoding=\"async\" width=\"277\" height=\"101\" src=\"https:\/\/mlrtaqvqpyw7.i.optimole.com\/w:auto\/h:auto\/q:mauto\/f:best\/https:\/\/www.atomie.es\/wp-content\/uploads\/2022\/11\/miyazaki.png\" alt=\"\" class=\"wp-image-40\"\/><\/figure>\n<\/div>\n\n\n<h1 class=\"wp-block-heading has-text-align-center has-text-color\" style=\"color:#121212\">Miyazaki Gyu<\/h1>\n\n\n\n<h3 class=\"wp-block-heading has-text-align-center\">La mejor carne del mundo<\/h3>\n\n\n\n<div class=\"wp-block-buttons is-horizontal is-content-justification-center is-layout-flex wp-container-core-buttons-is-layout-499968f5 wp-block-buttons-is-layout-flex\">\n<div class=\"wp-block-button is-style-primary\"><a class=\"wp-block-button__link wp-element-button\" href=\"https:\/\/www.atomie.es\/videos\/\">V\u00cdDEOS<\/a><\/div>\n\n\n\n<div class=\"wp-block-button is-style-secondary\"><a class=\"wp-block-button__link wp-element-button\" href=\"https:\/\/www.atomie.es\/contacto\/\">Contacta con nosotros<\/a><\/div>\n<\/div>\n\n\n\n<div style=\"height:80px\" aria-hidden=\"true\" class=\"wp-block-spacer\"><\/div>\n\n\n\n<div style=\"height:80px\" aria-hidden=\"true\" class=\"wp-block-spacer\"><\/div>\n<\/div><\/div>\n\n\n\n<div class=\"wp-block-cover alignfull\" style=\"min-height:50px;aspect-ratio:unset;\"><span aria-hidden=\"true\" class=\"wp-block-cover__background has-nv-light-bg-background-color has-background-dim\"><\/span><div class=\"wp-block-cover__inner-container is-layout-flow wp-block-cover-is-layout-flow\">\n<div style=\"height:100px\" aria-hidden=\"true\" class=\"wp-block-spacer\"><\/div>\n\n\n\n<div class=\"wp-block-group\"><div class=\"wp-block-group__inner-container is-layout-flow wp-block-group-is-layout-flow\">\n<div class=\"wp-block-columns are-vertically-aligned-center is-layout-flex wp-container-core-columns-is-layout-9d6595d7 wp-block-columns-is-layout-flex\">\n<div class=\"wp-block-column is-vertically-aligned-center is-layout-flow wp-block-column-is-layout-flow\" style=\"flex-basis:50%\">\n<div id=\"wp-block-themeisle-blocks-slider-11e4b979\" class=\"wp-block-themeisle-blocks-slider glide\" data-per-view=\"1\" data-gap=\"0\" data-peek=\"0\" data-autoplay=\"true\" data-height=\"500px\" data-hide-arrows=\"false\"><div class=\"glide__track\" data-glide-el=\"track\"><div class=\"glide__slides\"><div class=\"wp-block-themeisle-blocks-slider-item-wrapper glide__slide\" tabindex=\"0\"><figure><img data-opt-id=954163961  fetchpriority=\"high\" decoding=\"async\" class=\"wp-block-themeisle-blocks-slider-item\" src=\"https:\/\/mlrtaqvqpyw7.i.optimole.com\/w:auto\/h:auto\/q:mauto\/f:best\/https:\/\/www.atomie.es\/wp-content\/uploads\/2023\/03\/1-12-scaled.jpg\" alt=\"\" title=\"\" data-id=\"529\"\/><\/figure><\/div><div class=\"wp-block-themeisle-blocks-slider-item-wrapper glide__slide\" tabindex=\"0\"><figure><img data-opt-id=340606319  fetchpriority=\"high\" decoding=\"async\" class=\"wp-block-themeisle-blocks-slider-item\" src=\"https:\/\/mlrtaqvqpyw7.i.optimole.com\/w:auto\/h:auto\/q:mauto\/f:best\/https:\/\/www.atomie.es\/wp-content\/uploads\/2023\/03\/iiTHiiauaiabaNeQ.jpg\" alt=\"\" title=\"\" data-id=\"530\"\/><\/figure><\/div><div class=\"wp-block-themeisle-blocks-slider-item-wrapper glide__slide\" tabindex=\"0\"><figure><img data-opt-id=1936735067  data-opt-src=\"https:\/\/mlrtaqvqpyw7.i.optimole.com\/w:auto\/h:auto\/q:mauto\/f:best\/https:\/\/www.atomie.es\/wp-content\/uploads\/2023\/03\/iiTHiiauaiabaN.jpg\"  decoding=\"async\" class=\"wp-block-themeisle-blocks-slider-item\" src=\"https:\/\/mlrtaqvqpyw7.i.optimole.com\/w:auto\/h:auto\/q:eco\/f:best\/https:\/\/www.atomie.es\/wp-content\/uploads\/2023\/03\/iiTHiiauaiabaN.jpg\" alt=\"\" title=\"\" data-id=\"531\"\/><\/figure><\/div><div class=\"wp-block-themeisle-blocks-slider-item-wrapper glide__slide\" tabindex=\"0\"><figure><img data-opt-id=1016210249  data-opt-src=\"https:\/\/mlrtaqvqpyw7.i.optimole.com\/w:auto\/h:auto\/q:mauto\/f:best\/https:\/\/www.atomie.es\/wp-content\/uploads\/2023\/03\/iii¿aiuaXaXaeaCaX.jpg\"  decoding=\"async\" class=\"wp-block-themeisle-blocks-slider-item\" src=\"https:\/\/mlrtaqvqpyw7.i.optimole.com\/w:auto\/h:auto\/q:eco\/f:best\/https:\/\/www.atomie.es\/wp-content\/uploads\/2023\/03\/iii¿aiuaXaXaeaCaX.jpg\" alt=\"\" title=\"\" data-id=\"532\"\/><\/figure><\/div><div class=\"wp-block-themeisle-blocks-slider-item-wrapper glide__slide\" tabindex=\"0\"><figure><img data-opt-id=404815123  data-opt-src=\"https:\/\/mlrtaqvqpyw7.i.optimole.com\/w:auto\/h:auto\/q:mauto\/f:best\/https:\/\/www.atomie.es\/wp-content\/uploads\/2023\/03\/iiTHiiaiuaXAMEAeTH-scaled.jpg\"  decoding=\"async\" class=\"wp-block-themeisle-blocks-slider-item\" src=\"https:\/\/mlrtaqvqpyw7.i.optimole.com\/w:auto\/h:auto\/q:eco\/f:best\/https:\/\/www.atomie.es\/wp-content\/uploads\/2023\/03\/iiTHiiaiuaXAMEAeTH-scaled.jpg\" alt=\"\" title=\"\" data-id=\"533\"\/><\/figure><\/div><div class=\"wp-block-themeisle-blocks-slider-item-wrapper glide__slide\" tabindex=\"0\"><figure><img data-opt-id=1937707918  data-opt-src=\"https:\/\/mlrtaqvqpyw7.i.optimole.com\/w:auto\/h:auto\/q:mauto\/f:best\/https:\/\/www.atomie.es\/wp-content\/uploads\/2023\/03\/P025388452_480.jpg\"  decoding=\"async\" class=\"wp-block-themeisle-blocks-slider-item\" src=\"https:\/\/mlrtaqvqpyw7.i.optimole.com\/w:auto\/h:auto\/q:eco\/f:best\/https:\/\/www.atomie.es\/wp-content\/uploads\/2023\/03\/P025388452_480.jpg\" alt=\"\" title=\"\" data-id=\"534\"\/><\/figure><\/div><\/div><div class=\"glide__bullets\" data-glide-el=\"controls[nav]\"><button class=\"glide__bullet\" data-glide-dir=\"=0\"><\/button><button class=\"glide__bullet\" data-glide-dir=\"=1\"><\/button><button class=\"glide__bullet\" data-glide-dir=\"=2\"><\/button><button class=\"glide__bullet\" data-glide-dir=\"=3\"><\/button><button class=\"glide__bullet\" data-glide-dir=\"=4\"><\/button><button class=\"glide__bullet\" data-glide-dir=\"=5\"><\/button><\/div><\/div><\/div>\n<\/div>\n\n\n\n<div class=\"wp-block-column is-vertically-aligned-center is-layout-flow wp-block-column-is-layout-flow\" style=\"flex-basis:50%\">\n<h2 class=\"wp-block-heading\">Miyazaki Gyu<\/h2>\n\n\n\n<p>Es una carne fina, todav\u00eda poco conocida y 100% Wagyu. Procede de la Prefectura de Miyazaki, ganadora tres veces consecutivas del <strong>Premio del Primer Ministro en la Exhibici\u00f3n Competitiva Nacional <\/strong>conocida como las <strong>Olimpiadas Wagyu<\/strong>.<\/p>\n\n\n\n<p>La distribuci\u00f3n de Miyazaki gyu est\u00e1 estrictamente regulada por las autoridades japonesas, de esta forma se consigue mantener el alto nivel que los consumidores esperan de ella. &nbsp;Adem\u00e1s, la cocci\u00f3n de esta carne realza su delicadeza y su sabor original lo que le permitir\u00e1 crear una gran variedad de platos que satisfagan a sus clientes y le hagan destacar entre su competencia.<\/p>\n<\/div>\n<\/div>\n<\/div><\/div>\n\n\n\n<div style=\"height:100px\" aria-hidden=\"true\" class=\"wp-block-spacer\"><\/div>\n<\/div><\/div>\n\n\n\n<div class=\"wp-block-cover alignfull\" style=\"min-height:50px;aspect-ratio:unset;\"><span aria-hidden=\"true\" class=\"wp-block-cover__background has-nv-site-bg-background-color has-background-dim-100 has-background-dim\"><\/span><div class=\"wp-block-cover__inner-container is-layout-flow wp-block-cover-is-layout-flow\">\n<div style=\"height:100px\" aria-hidden=\"true\" class=\"wp-block-spacer\"><\/div>\n\n\n\n<div class=\"wp-block-group\"><div class=\"wp-block-group__inner-container is-layout-flow wp-block-group-is-layout-flow\">\n<div class=\"wp-block-columns are-vertically-aligned-center is-layout-flex wp-container-core-columns-is-layout-9d6595d7 wp-block-columns-is-layout-flex\">\n<div class=\"wp-block-column is-vertically-aligned-center is-layout-flow wp-block-column-is-layout-flow\" style=\"flex-basis:50%\">\n<p>La Miyazaki Gyu es una raza de ganado bovino criada en la prefectura de Miyazaki, en la isla de Kyushu, al sur de Jap\u00f3n. La carne de Miyazaki Gyu es considerada una de las mejores del mundo debido a su alta calidad, marmoleado, terneza y sabor. El ganado Miyazaki Gyu es criado en condiciones \u00f3ptimas en granjas de la prefectura de Miyazaki, donde se les brinda una dieta especial que incluye cereales, arroz y cebada, as\u00ed como un ambiente controlado para su crecimiento y desarrollo. Debido a estas condiciones, la carne de Miyazaki Gyu es reconocida en todo el mundo como un producto gourmet de alta calidad.<\/p>\n<\/div>\n\n\n\n<div class=\"wp-block-column is-vertically-aligned-center has-nv-text-dark-bg-background-color has-background is-layout-flow wp-block-column-is-layout-flow\" style=\"flex-basis:50%\">\n<figure class=\"wp-block-image size-full\"><img data-opt-id=867162283  data-opt-src=\"https:\/\/mlrtaqvqpyw7.i.optimole.com\/w:auto\/h:auto\/q:mauto\/f:best\/https:\/\/www.atomie.es\/wp-content\/uploads\/2022\/12\/c6ab729bc1c1e0b7fcd9f1f687f35351-710x470-1.jpg\"  decoding=\"async\" width=\"710\" height=\"470\" src=\"https:\/\/mlrtaqvqpyw7.i.optimole.com\/w:auto\/h:auto\/q:eco\/f:best\/https:\/\/www.atomie.es\/wp-content\/uploads\/2022\/12\/c6ab729bc1c1e0b7fcd9f1f687f35351-710x470-1.jpg\" alt=\"\" class=\"wp-image-360\" old-srcset=\"https:\/\/mlrtaqvqpyw7.i.optimole.com\/w:710\/h:470\/q:mauto\/f:best\/https:\/\/www.atomie.es\/wp-content\/uploads\/2022\/12\/c6ab729bc1c1e0b7fcd9f1f687f35351-710x470-1.jpg 710w, https:\/\/mlrtaqvqpyw7.i.optimole.com\/w:300\/h:199\/q:mauto\/f:best\/https:\/\/www.atomie.es\/wp-content\/uploads\/2022\/12\/c6ab729bc1c1e0b7fcd9f1f687f35351-710x470-1.jpg 300w\" \/><\/figure>\n<\/div>\n<\/div>\n<\/div><\/div>\n\n\n\n<div style=\"height:100px\" aria-hidden=\"true\" class=\"wp-block-spacer\"><\/div>\n<\/div><\/div>\n\n\n\n<div class=\"wp-block-cover alignfull\" style=\"min-height:50px;aspect-ratio:unset;\"><span aria-hidden=\"true\" class=\"wp-block-cover__background has-nv-light-bg-background-color has-background-dim-100 has-background-dim\"><\/span><div class=\"wp-block-cover__inner-container is-layout-flow wp-block-cover-is-layout-flow\">\n<div style=\"height:100px\" aria-hidden=\"true\" class=\"wp-block-spacer\"><\/div>\n\n\n\n<div class=\"wp-block-group\"><div class=\"wp-block-group__inner-container is-layout-flow wp-block-group-is-layout-flow\">\n<div class=\"wp-block-columns are-vertically-aligned-center is-layout-flex wp-container-core-columns-is-layout-9d6595d7 wp-block-columns-is-layout-flex\">\n<div class=\"wp-block-column is-vertically-aligned-center is-layout-flow wp-block-column-is-layout-flow\" style=\"flex-basis:50%\">\n<h2 class=\"wp-block-heading\">ATOMIE<\/h2>\n\n\n\n<p class=\"has-text-align-left has-neve-text-color-color has-text-color\" style=\"font-size:17px\">Somos un equipo de profesionales c\u00e1rnicos que brindan una excelente calidad y servicio.<\/p>\n\n\n\n<p>En <strong>ATOM International Europe SL<\/strong> (ATOMIE) importamos directamente desde Jap\u00f3n, por lo que podemos ofrecerle los mejores precios del mercado.<\/p>\n\n\n\n<div class=\"wp-block-buttons is-horizontal is-content-justification-left is-layout-flex wp-container-core-buttons-is-layout-7e5fce0a wp-block-buttons-is-layout-flex\">\n<div class=\"wp-block-button is-style-primary\"><a class=\"wp-block-button__link wp-element-button\" href=\"https:\/\/www.atomie.es\/sobre_nosotros\/\">Sobre nosotros<\/a><\/div>\n\n\n\n<div class=\"wp-block-button is-style-primary\"><a class=\"wp-block-button__link wp-element-button\" href=\"https:\/\/www.atomie.es\/contacto\/\">Contacto<\/a><\/div>\n<\/div>\n<\/div>\n\n\n\n<div class=\"wp-block-column is-vertically-aligned-center has-nv-text-dark-bg-background-color has-background is-layout-flow wp-block-column-is-layout-flow\" style=\"flex-basis:50%\"><div class=\"wp-block-image\">\n<figure class=\"aligncenter size-full\"><img data-opt-id=613094925  data-opt-src=\"https:\/\/mlrtaqvqpyw7.i.optimole.com\/w:auto\/h:auto\/q:mauto\/f:best\/https:\/\/www.atomie.es\/wp-content\/uploads\/2022\/12\/LogoATM_white_01-2.png\"  decoding=\"async\" width=\"516\" height=\"241\" src=\"https:\/\/mlrtaqvqpyw7.i.optimole.com\/w:auto\/h:auto\/q:eco\/f:best\/https:\/\/www.atomie.es\/wp-content\/uploads\/2022\/12\/LogoATM_white_01-2.png\" alt=\"\" class=\"wp-image-375\" old-srcset=\"https:\/\/mlrtaqvqpyw7.i.optimole.com\/w:516\/h:241\/q:mauto\/f:best\/https:\/\/www.atomie.es\/wp-content\/uploads\/2022\/12\/LogoATM_white_01-2.png 516w, https:\/\/mlrtaqvqpyw7.i.optimole.com\/w:300\/h:140\/q:mauto\/f:best\/https:\/\/www.atomie.es\/wp-content\/uploads\/2022\/12\/LogoATM_white_01-2.png 300w\" \/><\/figure>\n<\/div><\/div>\n<\/div>\n<\/div><\/div>\n\n\n\n<div style=\"height:100px\" aria-hidden=\"true\" class=\"wp-block-spacer\"><\/div>\n<\/div><\/div>\n\n\n\n<div class=\"wp-block-cover alignfull\" style=\"min-height:766px;aspect-ratio:unset;\"><span aria-hidden=\"true\" class=\"wp-block-cover__background has-nv-site-bg-background-color has-background-dim-100 has-background-dim\"><\/span><div class=\"wp-block-cover__inner-container is-layout-flow wp-block-cover-is-layout-flow\">\n<div class=\"wp-block-group\"><div class=\"wp-block-group__inner-container is-layout-flow wp-block-group-is-layout-flow\">\n<div style=\"height:20px\" aria-hidden=\"true\" class=\"wp-block-spacer\"><\/div>\n<\/div><\/div>\n\n\n\n<div id=\"wp-block-themeisle-blocks-advanced-columns-1d2926d6\" class=\"wp-block-themeisle-blocks-advanced-columns alignfull has-2-columns has-desktop-equal-layout has-tablet-equal-layout has-mobile-collapsedRows-layout has-reverse-columns-mobile has-vertical-center ticss-c00aadba\"><div class=\"wp-block-themeisle-blocks-advanced-columns-overlay\"><\/div><div class=\"innerblocks-wrap\">\n<div id=\"wp-block-themeisle-blocks-advanced-column-e32f0cfa\" class=\"wp-block-themeisle-blocks-advanced-column\"><style type=\"text\/css\">.otter-masonry .blocks-gallery-grid .blocks-gallery-item img{ width:100% }<\/style><div class=\"otter-masonry\" data-margin=\"10\">\n<figure class=\"wp-block-gallery has-nested-images columns-2 is-cropped wp-block-gallery-1 is-layout-flex wp-block-gallery-is-layout-flex\">\n<figure class=\"wp-block-image size-full\"><img data-opt-id=1002510561  data-opt-src=\"https:\/\/mlrtaqvqpyw7.i.optimole.com\/w:auto\/h:auto\/q:mauto\/f:best\/https:\/\/www.atomie.es\/wp-content\/uploads\/2023\/03\/Plato01-1.jpg\"  decoding=\"async\" width=\"1024\" height=\"683\" data-id=\"520\" src=\"https:\/\/mlrtaqvqpyw7.i.optimole.com\/w:auto\/h:auto\/q:eco\/f:best\/https:\/\/www.atomie.es\/wp-content\/uploads\/2023\/03\/Plato01-1.jpg\" alt=\"\" class=\"wp-image-520\" old-srcset=\"https:\/\/mlrtaqvqpyw7.i.optimole.com\/w:1024\/h:683\/q:mauto\/f:best\/https:\/\/www.atomie.es\/wp-content\/uploads\/2023\/03\/Plato01-1.jpg 1024w, https:\/\/mlrtaqvqpyw7.i.optimole.com\/w:18\/h:12\/q:mauto\/f:best\/dpr:2\/https:\/\/www.atomie.es\/wp-content\/uploads\/2023\/03\/Plato01-1.jpg 18w, https:\/\/mlrtaqvqpyw7.i.optimole.com\/w:930\/h:620\/q:mauto\/f:best\/https:\/\/www.atomie.es\/wp-content\/uploads\/2023\/03\/Plato01-1.jpg 930w, https:\/\/mlrtaqvqpyw7.i.optimole.com\/w:300\/h:200\/q:mauto\/f:best\/https:\/\/www.atomie.es\/wp-content\/uploads\/2023\/03\/Plato01-1.jpg 300w, https:\/\/mlrtaqvqpyw7.i.optimole.com\/w:768\/h:512\/q:mauto\/f:best\/https:\/\/www.atomie.es\/wp-content\/uploads\/2023\/03\/Plato01-1.jpg 768w\" \/><\/figure>\n\n\n\n<figure class=\"wp-block-image size-full\"><img data-opt-id=1966330518  data-opt-src=\"https:\/\/mlrtaqvqpyw7.i.optimole.com\/w:auto\/h:auto\/q:mauto\/f:best\/https:\/\/www.atomie.es\/wp-content\/uploads\/2023\/03\/Plato06.jpg\"  decoding=\"async\" width=\"1024\" height=\"683\" data-id=\"514\" src=\"https:\/\/mlrtaqvqpyw7.i.optimole.com\/w:auto\/h:auto\/q:eco\/f:best\/https:\/\/www.atomie.es\/wp-content\/uploads\/2023\/03\/Plato06.jpg\" alt=\"\" class=\"wp-image-514\" old-srcset=\"https:\/\/mlrtaqvqpyw7.i.optimole.com\/w:1024\/h:683\/q:mauto\/f:best\/https:\/\/www.atomie.es\/wp-content\/uploads\/2023\/03\/Plato06.jpg 1024w, https:\/\/mlrtaqvqpyw7.i.optimole.com\/w:18\/h:12\/q:mauto\/f:best\/dpr:2\/https:\/\/www.atomie.es\/wp-content\/uploads\/2023\/03\/Plato06.jpg 18w, https:\/\/mlrtaqvqpyw7.i.optimole.com\/w:930\/h:620\/q:mauto\/f:best\/https:\/\/www.atomie.es\/wp-content\/uploads\/2023\/03\/Plato06.jpg 930w, https:\/\/mlrtaqvqpyw7.i.optimole.com\/w:300\/h:200\/q:mauto\/f:best\/https:\/\/www.atomie.es\/wp-content\/uploads\/2023\/03\/Plato06.jpg 300w, https:\/\/mlrtaqvqpyw7.i.optimole.com\/w:768\/h:512\/q:mauto\/f:best\/https:\/\/www.atomie.es\/wp-content\/uploads\/2023\/03\/Plato06.jpg 768w\" \/><\/figure>\n\n\n\n<figure class=\"wp-block-image size-full\"><img data-opt-id=1111482566  data-opt-src=\"https:\/\/mlrtaqvqpyw7.i.optimole.com\/w:auto\/h:auto\/q:mauto\/f:best\/https:\/\/www.atomie.es\/wp-content\/uploads\/2023\/03\/column_71de0fc8c64ed42c5cab3054509f1003.jpg\"  decoding=\"async\" width=\"640\" height=\"480\" data-id=\"525\" src=\"https:\/\/mlrtaqvqpyw7.i.optimole.com\/w:auto\/h:auto\/q:eco\/f:best\/https:\/\/www.atomie.es\/wp-content\/uploads\/2023\/03\/column_71de0fc8c64ed42c5cab3054509f1003.jpg\" alt=\"\" class=\"wp-image-525\" old-srcset=\"https:\/\/mlrtaqvqpyw7.i.optimole.com\/w:640\/h:480\/q:mauto\/f:best\/https:\/\/www.atomie.es\/wp-content\/uploads\/2023\/03\/column_71de0fc8c64ed42c5cab3054509f1003.jpg 640w, https:\/\/mlrtaqvqpyw7.i.optimole.com\/w:16\/h:12\/q:mauto\/f:best\/dpr:2\/https:\/\/www.atomie.es\/wp-content\/uploads\/2023\/03\/column_71de0fc8c64ed42c5cab3054509f1003.jpg 16w, https:\/\/mlrtaqvqpyw7.i.optimole.com\/w:300\/h:225\/q:mauto\/f:best\/https:\/\/www.atomie.es\/wp-content\/uploads\/2023\/03\/column_71de0fc8c64ed42c5cab3054509f1003.jpg 300w\" \/><\/figure>\n\n\n\n<figure class=\"wp-block-image size-full\"><img data-opt-id=91429243  data-opt-src=\"https:\/\/mlrtaqvqpyw7.i.optimole.com\/w:auto\/h:auto\/q:mauto\/f:best\/https:\/\/www.atomie.es\/wp-content\/uploads\/2023\/03\/ba37bd52daac1cc9289e11ec353561.jpg\"  decoding=\"async\" width=\"640\" height=\"480\" data-id=\"521\" src=\"https:\/\/mlrtaqvqpyw7.i.optimole.com\/w:auto\/h:auto\/q:eco\/f:best\/https:\/\/www.atomie.es\/wp-content\/uploads\/2023\/03\/ba37bd52daac1cc9289e11ec353561.jpg\" alt=\"\" class=\"wp-image-521\" old-srcset=\"https:\/\/mlrtaqvqpyw7.i.optimole.com\/w:640\/h:480\/q:mauto\/f:best\/https:\/\/www.atomie.es\/wp-content\/uploads\/2023\/03\/ba37bd52daac1cc9289e11ec353561.jpg 640w, https:\/\/mlrtaqvqpyw7.i.optimole.com\/w:16\/h:12\/q:mauto\/f:best\/dpr:2\/https:\/\/www.atomie.es\/wp-content\/uploads\/2023\/03\/ba37bd52daac1cc9289e11ec353561.jpg 16w, https:\/\/mlrtaqvqpyw7.i.optimole.com\/w:300\/h:225\/q:mauto\/f:best\/https:\/\/www.atomie.es\/wp-content\/uploads\/2023\/03\/ba37bd52daac1cc9289e11ec353561.jpg 300w\" \/><\/figure>\n<\/figure>\n<\/div><\/div>\n\n\n\n<div id=\"wp-block-themeisle-blocks-advanced-column-631489be\" class=\"wp-block-themeisle-blocks-advanced-column\">\n<h2 id=\"wp-block-themeisle-blocks-advanced-heading-0af3bf17\" class=\"wp-block-themeisle-blocks-advanced-heading wp-block-themeisle-blocks-advanced-heading-0af3bf17\">Estos son algunos ejemplos de platos hechos con nuestra carne<\/h2>\n<\/div>\n<\/div><\/div>\n<\/div><\/div>\n\n\n\n<div class=\"wp-block-cover alignfull\" style=\"min-height:300px;aspect-ratio:unset;\"><span aria-hidden=\"true\" class=\"wp-block-cover__background has-nv-dark-bg-background-color has-background-dim\"><\/span><img data-opt-id=1381090491  data-opt-src=\"https:\/\/mlrtaqvqpyw7.i.optimole.com\/w:auto\/h:auto\/q:mauto\/f:best\/https:\/\/www.atomie.es\/wp-content\/uploads\/2023\/03\/aXaeuaLaCauuaW.fw_-1.png\"  decoding=\"async\" width=\"2950\" height=\"2094\" class=\"wp-block-cover__image-background wp-image-476\" alt=\"\" src=\"https:\/\/mlrtaqvqpyw7.i.optimole.com\/w:auto\/h:auto\/q:eco\/f:best\/https:\/\/www.atomie.es\/wp-content\/uploads\/2023\/03\/aXaeuaLaCauuaW.fw_-1.png\" data-object-fit=\"cover\" old-srcset=\"https:\/\/mlrtaqvqpyw7.i.optimole.com\/w:1521\/h:1080\/q:mauto\/f:best\/https:\/\/www.atomie.es\/wp-content\/uploads\/2023\/03\/aXaeuaLaCauuaW.fw_-1.png 2950w, https:\/\/mlrtaqvqpyw7.i.optimole.com\/w:1521\/h:1080\/q:mauto\/f:best\/https:\/\/www.atomie.es\/wp-content\/uploads\/2023\/03\/aXaeuaLaCauuaW.fw_-1.png 1536w, https:\/\/mlrtaqvqpyw7.i.optimole.com\/w:1521\/h:1080\/q:mauto\/f:best\/https:\/\/www.atomie.es\/wp-content\/uploads\/2023\/03\/aXaeuaLaCauuaW.fw_-1.png 2048w, https:\/\/mlrtaqvqpyw7.i.optimole.com\/w:18\/h:12\/q:mauto\/f:best\/dpr:2\/https:\/\/www.atomie.es\/wp-content\/uploads\/2023\/03\/aXaeuaLaCauuaW.fw_-1.png 18w, https:\/\/mlrtaqvqpyw7.i.optimole.com\/w:300\/h:213\/q:mauto\/f:best\/https:\/\/www.atomie.es\/wp-content\/uploads\/2023\/03\/aXaeuaLaCauuaW.fw_-1.png 300w, https:\/\/mlrtaqvqpyw7.i.optimole.com\/w:768\/h:545\/q:mauto\/f:best\/https:\/\/www.atomie.es\/wp-content\/uploads\/2023\/03\/aXaeuaLaCauuaW.fw_-1.png 768w, https:\/\/mlrtaqvqpyw7.i.optimole.com\/w:1024\/h:727\/q:mauto\/f:best\/https:\/\/www.atomie.es\/wp-content\/uploads\/2023\/03\/aXaeuaLaCauuaW.fw_-1.png 1024w\" \/><div class=\"wp-block-cover__inner-container is-layout-flow wp-block-cover-is-layout-flow\">\n<div style=\"height:140px\" aria-hidden=\"true\" class=\"wp-block-spacer\"><\/div>\n\n\n\n<h2 class=\"wp-block-heading has-text-align-center has-nv-text-dark-bg-color has-text-color\">Un placer para todos los sentidos<\/h2>\n\n\n\n<p class=\"has-text-align-center\"><\/p>\n\n\n\n<div class=\"wp-block-buttons is-horizontal is-content-justification-center is-layout-flex wp-container-core-buttons-is-layout-499968f5 wp-block-buttons-is-layout-flex\"><\/div>\n\n\n\n<div style=\"height:140px\" aria-hidden=\"true\" class=\"wp-block-spacer\"><\/div>\n<\/div><\/div>\n\n\n\n<div class=\"wp-block-cover alignfull\" style=\"min-height:420px;aspect-ratio:unset;\"><span aria-hidden=\"true\" class=\"wp-block-cover__background has-nv-light-bg-background-color has-background-dim-100 has-background-dim\"><\/span><div class=\"wp-block-cover__inner-container is-layout-flow wp-block-cover-is-layout-flow\">\n<div style=\"height:80px\" aria-hidden=\"true\" class=\"wp-block-spacer\"><\/div>\n\n\n\n<div class=\"wp-block-columns is-layout-flex wp-container-core-columns-is-layout-9d6595d7 wp-block-columns-is-layout-flex\">\n<div class=\"wp-block-column ticss-f6fc7494 is-layout-flow wp-block-column-is-layout-flow\"><div class=\"wp-block-image\">\n<figure class=\"aligncenter size-full\"><img data-opt-id=66138126  data-opt-src=\"https:\/\/mlrtaqvqpyw7.i.optimole.com\/w:auto\/h:auto\/q:mauto\/f:best\/https:\/\/www.atomie.es\/wp-content\/uploads\/2022\/12\/miyazaki.png\"  decoding=\"async\" width=\"277\" height=\"101\" src=\"https:\/\/mlrtaqvqpyw7.i.optimole.com\/w:auto\/h:auto\/q:eco\/f:best\/https:\/\/www.atomie.es\/wp-content\/uploads\/2022\/12\/miyazaki.png\" alt=\"\" class=\"wp-image-370\"\/><\/figure>\n<\/div><\/div>\n\n\n\n<div class=\"wp-block-column ticss-f6fc7494 is-layout-flow wp-block-column-is-layout-flow\">\n<p class=\"has-text-align-center\"><a href=\"https:\/\/www.atomie.es\/aviso-legal\/\" data-type=\"page\" data-id=\"553\">Aviso legal<\/a><\/p>\n\n\n\n<p class=\"has-text-align-center\"><a href=\"https:\/\/www.atomie.es\/cookies\/\" data-type=\"page\" data-id=\"555\">Pol\u00edtica de cookies<\/a><\/p>\n\n\n\n<p class=\"has-text-align-center\"><a href=\"https:\/\/www.atomie.es\/privacidad\/\" data-type=\"page\" data-id=\"554\">Pol\u00edtica de privacidad<\/a><\/p>\n<\/div>\n\n\n\n<div class=\"wp-block-column ticss-f6fc7494 is-layout-flow wp-block-column-is-layout-flow\">\n<figure class=\"wp-block-image size-full\"><img data-opt-id=1505064484  data-opt-src=\"https:\/\/mlrtaqvqpyw7.i.optimole.com\/w:auto\/h:auto\/q:mauto\/f:best\/https:\/\/www.atomie.es\/wp-content\/uploads\/2022\/12\/gi-1.png\"  decoding=\"async\" width=\"640\" height=\"286\" src=\"https:\/\/mlrtaqvqpyw7.i.optimole.com\/w:auto\/h:auto\/q:eco\/f:best\/https:\/\/www.atomie.es\/wp-content\/uploads\/2022\/12\/gi-1.png\" alt=\"\" class=\"wp-image-366\" old-srcset=\"https:\/\/mlrtaqvqpyw7.i.optimole.com\/w:640\/h:286\/q:mauto\/f:best\/https:\/\/www.atomie.es\/wp-content\/uploads\/2022\/12\/gi-1.png 640w, https:\/\/mlrtaqvqpyw7.i.optimole.com\/w:300\/h:134\/q:mauto\/f:best\/https:\/\/www.atomie.es\/wp-content\/uploads\/2022\/12\/gi-1.png 300w\" \/><\/figure>\n<\/div>\n<\/div>\n\n\n\n<div style=\"height:30px\" aria-hidden=\"true\" class=\"wp-block-spacer\"><\/div>\n<\/div><\/div>\n\n\n\n<p><\/p>\n","protected":false},"excerpt":{"rendered":"","protected":false},"author":1,"featured_media":0,"parent":0,"menu_order":0,"comment_status":"closed","ping_status":"closed","template":"","meta":{"_monsterinsights_skip_tracking":false,"_monsterinsights_sitenote_active":false,"_monsterinsights_sitenote_note":"","_monsterinsights_sitenote_category":0,"neve_meta_sidebar":"default","neve_meta_container":"default","neve_meta_enable_content_width":"on","neve_meta_content_width":100,"neve_meta_title_alignment":"left","neve_meta_author_avatar":"","neve_post_elements_order":"","neve_meta_disable_header":"off","neve_meta_disable_footer":"off","neve_meta_disable_title":"on","_themeisle_gutenberg_block_has_review":false,"footnotes":""},"class_list":["post-307","page","type-page","status-publish","hentry"],"_links":{"self":[{"href":"https:\/\/www.atomie.es\/en\/wp-json\/wp\/v2\/pages\/307","targetHints":{"allow":["GET"]}}],"collection":[{"href":"https:\/\/www.atomie.es\/en\/wp-json\/wp\/v2\/pages"}],"about":[{"href":"https:\/\/www.atomie.es\/en\/wp-json\/wp\/v2\/types\/page"}],"author":[{"embeddable":true,"href":"https:\/\/www.atomie.es\/en\/wp-json\/wp\/v2\/users\/1"}],"replies":[{"embeddable":true,"href":"https:\/\/www.atomie.es\/en\/wp-json\/wp\/v2\/comments?post=307"}],"version-history":[{"count":48,"href":"https:\/\/www.atomie.es\/en\/wp-json\/wp\/v2\/pages\/307\/revisions"}],"predecessor-version":[{"id":567,"href":"https:\/\/www.atomie.es\/en\/wp-json\/wp\/v2\/pages\/307\/revisions\/567"}],"wp:attachment":[{"href":"https:\/\/www.atomie.es\/en\/wp-json\/wp\/v2\/media?parent=307"}],"curies":[{"name":"wp","href":"https:\/\/api.w.org\/{rel}","templated":true}]}}